{"id":66,"date":"2025-07-11T18:15:23","date_gmt":"2025-07-11T18:15:23","guid":{"rendered":"http:\/\/corcasrenta.site\/?page_id=66"},"modified":"2025-07-29T17:59:18","modified_gmt":"2025-07-29T17:59:18","slug":"productos","status":"publish","type":"page","link":"https:\/\/corcasrenta.site\/?page_id=66","title":{"rendered":"Productos"},"content":{"rendered":"<h2>Productos<\/h2>\n<h5>En Corcas Rentas SAS, Te proporcionamos los mejores productos<\/h5>\n<figure><img decoding=\"async\" src=\"http:\/\/corcasrenta.site\/wp-content\/uploads\/2025\/07\/WhatsApp-Image-2025-06-20-at-10.14.57-AM-1.jpeg\" alt=\"WhatsApp Image 2025-06-20 at 10.14.57 AM (1)\" \/><\/figure>\n<figure><img decoding=\"async\" src=\"http:\/\/corcasrenta.site\/wp-content\/uploads\/2025\/07\/WhatsApp-Image-2025-06-20-at-10.14.58-AM-1.jpeg\" alt=\"WhatsApp Image 2025-06-20 at 10.14.58 AM (1)\" \/><\/figure>\n<figure><img decoding=\"async\" src=\"http:\/\/corcasrenta.site\/wp-content\/uploads\/2025\/07\/WhatsApp-Image-2025-06-20-at-10.14.53-AM.jpeg\" alt=\"WhatsApp Image 2025-06-20 at 10.14.53 AM\" \/><\/figure>\n<figure><img decoding=\"async\" src=\"http:\/\/corcasrenta.site\/wp-content\/uploads\/2025\/07\/WhatsApp-Image-2025-06-20-at-10.14.57-AM.jpeg\" alt=\"WhatsApp Image 2025-06-20 at 10.14.57 AM\" \/><\/figure>\n<p>\t\t\t\t\t\t<svg aria-hidden=\"true\" viewBox=\"0 0 1000 1000\" xmlns=\"http:\/\/www.w3.org\/2000\/svg\"><path d=\"M646 125C629 125 613 133 604 142L308 442C296 454 292 471 292 487 292 504 296 521 308 533L604 854C617 867 629 875 646 875 663 875 679 871 692 858 704 846 713 829 713 812 713 796 708 779 692 767L438 487 692 225C700 217 708 204 708 187 708 171 704 154 692 142 675 129 663 125 646 125Z\"><\/path><\/svg><br \/>\n\t\t\t\t\t\t<svg aria-hidden=\"true\" viewBox=\"0 0 1000 1000\" xmlns=\"http:\/\/www.w3.org\/2000\/svg\"><path d=\"M696 533C708 521 713 504 713 487 713 471 708 454 696 446L400 146C388 133 375 125 354 125 338 125 325 129 313 142 300 154 292 171 292 187 292 204 296 221 308 233L563 492 304 771C292 783 288 800 288 817 288 833 296 850 308 863 321 871 338 875 354 875 371 875 388 867 400 854L696 533Z\"><\/path><\/svg><br \/>\n\t\t\t\t\t<!-- Cat\u00e1logo de Equipos Corcas Renta S.A.S. --><\/p>\n<section id=\"catalogo-corcas\" style=\"padding: 60px 0; background: #f7f7f7;\">\n<h2 style=\"font-size: 2rem; margin-bottom: 40px; color: #333;\">Cat\u00e1logo de Equipos<\/h2>\n<p>      <!-- PRODUCTO 1 --><br \/>\n        <img decoding=\"async\" src=\"http:\/\/corcasrenta.site\/wp-content\/uploads\/2025\/07\/WhatsApp-Image-2025-06-20-at-10.14.57-AM.jpeg\" alt=\"Retroexcavadora\" style=\"width: 100%; height: auto; object-fit: cover;\"><\/p>\n<h3 style=\"font-size: 1.25rem; margin: 0 0 12px; color: #222;\">Retroexcavadora<\/h3>\n<p style=\"color: #555; line-height: 1.4; flex-grow: 1;\">Potencia hidr\u00e1ulica y pala frontal para movimiento de tierra eficiente.<\/p>\n<p>          <a href=\"#\" style=\"display: inline-block; margin-top: 16px; padding: 12px; background: #ffd700; color: #000; text-decoration: none; text-align: center; border-radius: 4px; font-weight: bold;\">Solicitar cotizaci\u00f3n<\/a><br \/>\n      <!-- PRODUCTO 2 --><br \/>\n        <img decoding=\"async\" src=\"http:\/\/corcasrenta.site\/wp-content\/uploads\/2025\/07\/WhatsApp-Image-2025-06-20-at-10.14.58-AM.jpeg\" alt=\"Mezcladora de Concreto\" style=\"width: 100%; height: auto; object-fit: cover;\"><\/p>\n<h3 style=\"font-size: 1.25rem; margin: 0 0 12px; color: #222;\">Mezcladora de Concreto<\/h3>\n<p style=\"color: #555; line-height: 1.4; flex-grow: 1;\">Capacidad de 200\u202fL, motor a gasolina y ruedas robustas para obra.<\/p>\n<p>          <a href=\"#\" style=\"display: inline-block; margin-top: 16px; padding: 12px; background: #ffd700; color: #000; text-decoration: none; text-align: center; border-radius: 4px; font-weight: bold;\">Solicitar cotizaci\u00f3n<\/a><br \/>\n      <!-- PRODUCTO 3 al 15 --><br \/>\n      <!-- Copia este bloque y personal\u00edzalo 13 veces m\u00e1s con tus productos --><br \/>\n      <!-- PRODUCTO 3 --><br \/>\n        <img decoding=\"async\" src=\"http:\/\/corcasrenta.site\/wp-content\/uploads\/2025\/07\/WhatsApp-Image-2025-06-20-at-10.14.58-AM-3.jpeg\" alt=\"Compactadora\" style=\"width:100%; height:auto; object-fit:cover;\"><\/p>\n<h3 style=\"font-size:1.25rem; margin:0 0 12px; color:#222;\">Alineadora de Concreto<\/h3>\n<p style=\"color:#555; line-height:1.4; flex-grow:1;\">Nivelaci\u00f3n precisa y r\u00e1pida de concreto fresco. Ideal para losas y pisos industriales. Liviana, potente y f\u00e1cil de operar.<\/p>\n<p>          <a href=\"#\" style=\"display:inline-block; margin-top:16px; padding:12px; background:#ffd700; color:#000; text-decoration:none; text-align:center; border-radius:4px; font-weight:bold;\">Solicitar cotizaci\u00f3n<\/a><br \/>\n      <!-- PRODUCTO 4 --><br \/>\n        <img decoding=\"async\" src=\"http:\/\/corcasrenta.site\/wp-content\/uploads\/2025\/07\/WhatsApp-Image-2025-06-20-at-10.14.57-AM-1.jpeg\" alt=\"Compactadora\" style=\"width:100%; height:auto; object-fit:cover;\"><\/p>\n<h3 style=\"font-size:1.25rem; margin:0 0 12px; color:#222;\">Mini RetroExcavadoras<\/h3>\n<p style=\"color:#555; line-height:1.4; flex-grow:1;\">Compacta, vers\u00e1til y potente. Ideal para excavaciones en espacios reducidos sin perder fuerza ni rendimiento..<\/p>\n<p>          <a href=\"#\" style=\"display:inline-block; margin-top:16px; padding:12px; background:#ffd700; color:#000; text-decoration:none; text-align:center; border-radius:4px; font-weight:bold;\">Solicitar cotizaci\u00f3n<\/a><br \/>\n      <!-- PRODUCTO 5 --><br \/>\n        <img decoding=\"async\" src=\"http:\/\/corcasrenta.site\/wp-content\/uploads\/2025\/07\/WhatsApp-Image-2025-06-20-at-10.14.53-AM-1.jpeg\" alt=\"Compactadora\" style=\"width:100%; height:auto; object-fit:cover;\"><\/p>\n<h3 style=\"font-size:1.25rem; margin:0 0 12px; color:#222;\">Cortadora de Adoquines y Ceramica<\/h3>\n<p style=\"color:#555; line-height:1.4; flex-grow:1;\">Cortes precisos y limpios en materiales duros. Ideal para acabados profesionales en obra gris y acabados. Robusta, eficiente y f\u00e1cil de usar.<\/p>\n<p>          <a href=\"#\" style=\"display:inline-block; margin-top:16px; padding:12px; background:#ffd700; color:#000; text-decoration:none; text-align:center; border-radius:4px; font-weight:bold;\">Solicitar cotizaci\u00f3n<\/a><br \/>\n            <!-- PRODUCTO 6 --><br \/>\n        <img decoding=\"async\" src=\"http:\/\/corcasrenta.site\/wp-content\/uploads\/2025\/07\/WhatsApp-Image-2025-06-20-at-10.14.53-AM-1.jpeg\" alt=\"Compactadora\" style=\"width:100%; height:auto; object-fit:cover;\"><\/p>\n<h3 style=\"font-size:1.25rem; margin:0 0 12px; color:#222;\">Compactadora<\/h3>\n<p style=\"color:#555; line-height:1.4; flex-grow:1;\">Compactaci\u00f3n de suelos con alta vibraci\u00f3n y desempe\u00f1o continuo.<\/p>\n<p>          <a href=\"#\" style=\"display:inline-block; margin-top:16px; padding:12px; background:#ffd700; color:#000; text-decoration:none; text-align:center; border-radius:4px; font-weight:bold;\">Solicitar cotizaci\u00f3n<\/a><br \/>\n            <!-- PRODUCTO 7 --><br \/>\n        <img decoding=\"async\" src=\"http:\/\/corcasrenta.site\/wp-content\/uploads\/2025\/07\/WhatsApp-Image-2025-06-20-at-10.14.53-AM-1.jpeg\" alt=\"Compactadora\" style=\"width:100%; height:auto; object-fit:cover;\"><\/p>\n<h3 style=\"font-size:1.25rem; margin:0 0 12px; color:#222;\">Compactadora<\/h3>\n<p style=\"color:#555; line-height:1.4; flex-grow:1;\">Compactaci\u00f3n de suelos con alta vibraci\u00f3n y desempe\u00f1o continuo.<\/p>\n<p>          <a href=\"#\" style=\"display:inline-block; margin-top:16px; padding:12px; background:#ffd700; color:#000; text-decoration:none; text-align:center; border-radius:4px; font-weight:bold;\">Solicitar cotizaci\u00f3n<\/a><br \/>\n            <!-- PRODUCTO 8 --><br \/>\n        <img decoding=\"async\" src=\"http:\/\/corcasrenta.site\/wp-content\/uploads\/2025\/07\/WhatsApp-Image-2025-06-20-at-10.14.53-AM-1.jpeg\" alt=\"Compactadora\" style=\"width:100%; height:auto; object-fit:cover;\"><\/p>\n<h3 style=\"font-size:1.25rem; margin:0 0 12px; color:#222;\">Compactadora<\/h3>\n<p style=\"color:#555; line-height:1.4; flex-grow:1;\">Compactaci\u00f3n de suelos con alta vibraci\u00f3n y desempe\u00f1o continuo.<\/p>\n<p>          <a href=\"#\" style=\"display:inline-block; margin-top:16px; padding:12px; background:#ffd700; color:#000; text-decoration:none; text-align:center; border-radius:4px; font-weight:bold;\">Solicitar cotizaci\u00f3n<\/a><br \/>\n            <!-- PRODUCTO 9 --><br \/>\n        <img decoding=\"async\" src=\"http:\/\/corcasrenta.site\/wp-content\/uploads\/2025\/07\/WhatsApp-Image-2025-06-20-at-10.14.53-AM-1.jpeg\" alt=\"Compactadora\" style=\"width:100%; height:auto; object-fit:cover;\"><\/p>\n<h3 style=\"font-size:1.25rem; margin:0 0 12px; color:#222;\">Compactadora<\/h3>\n<p style=\"color:#555; line-height:1.4; flex-grow:1;\">Compactaci\u00f3n de suelos con alta vibraci\u00f3n y desempe\u00f1o continuo.<\/p>\n<p>          <a href=\"#\" style=\"display:inline-block; margin-top:16px; padding:12px; background:#ffd700; color:#000; text-decoration:none; text-align:center; border-radius:4px; font-weight:bold;\">Solicitar cotizaci\u00f3n<\/a><br \/>\n            <!-- PRODUCTO 10 --><br \/>\n        <img decoding=\"async\" src=\"http:\/\/corcasrenta.site\/wp-content\/uploads\/2025\/07\/WhatsApp-Image-2025-06-20-at-10.14.53-AM-1.jpeg\" alt=\"Compactadora\" style=\"width:100%; height:auto; object-fit:cover;\"><\/p>\n<h3 style=\"font-size:1.25rem; margin:0 0 12px; color:#222;\">Compactadora<\/h3>\n<p style=\"color:#555; line-height:1.4; flex-grow:1;\">Compactaci\u00f3n de suelos con alta vibraci\u00f3n y desempe\u00f1o continuo.<\/p>\n<p>          <a href=\"#\" style=\"display:inline-block; margin-top:16px; padding:12px; background:#ffd700; color:#000; text-decoration:none; text-align:center; border-radius:4px; font-weight:bold;\">Solicitar cotizaci\u00f3n<\/a><br \/>\n            <!-- PRODUCTO 11 --><br \/>\n        <img decoding=\"async\" src=\"http:\/\/corcasrenta.site\/wp-content\/uploads\/2025\/07\/WhatsApp-Image-2025-06-20-at-10.14.53-AM-1.jpeg\" alt=\"Compactadora\" style=\"width:100%; height:auto; object-fit:cover;\"><\/p>\n<h3 style=\"font-size:1.25rem; margin:0 0 12px; color:#222;\">Compactadora<\/h3>\n<p style=\"color:#555; line-height:1.4; flex-grow:1;\">Compactaci\u00f3n de suelos con alta vibraci\u00f3n y desempe\u00f1o continuo.<\/p>\n<p>          <a href=\"#\" style=\"display:inline-block; margin-top:16px; padding:12px; background:#ffd700; color:#000; text-decoration:none; text-align:center; border-radius:4px; font-weight:bold;\">Solicitar cotizaci\u00f3n<\/a><br \/>\n            <!-- PRODUCTO 12 --><br \/>\n        <img decoding=\"async\" src=\"http:\/\/corcasrenta.site\/wp-content\/uploads\/2025\/07\/WhatsApp-Image-2025-06-20-at-10.14.53-AM-1.jpeg\" alt=\"Compactadora\" style=\"width:100%; height:auto; object-fit:cover;\"><\/p>\n<h3 style=\"font-size:1.25rem; margin:0 0 12px; color:#222;\">Compactadora<\/h3>\n<p style=\"color:#555; line-height:1.4; flex-grow:1;\">Compactaci\u00f3n de suelos con alta vibraci\u00f3n y desempe\u00f1o continuo.<\/p>\n<p>          <a href=\"#\" style=\"display:inline-block; margin-top:16px; padding:12px; background:#ffd700; color:#000; text-decoration:none; text-align:center; border-radius:4px; font-weight:bold;\">Solicitar cotizaci\u00f3n<\/a><br \/>\n            <!-- PRODUCTO 13 --><br \/>\n        <img decoding=\"async\" src=\"http:\/\/corcasrenta.site\/wp-content\/uploads\/2025\/07\/WhatsApp-Image-2025-06-20-at-10.14.53-AM-1.jpeg\" alt=\"Compactadora\" style=\"width:100%; height:auto; object-fit:cover;\"><\/p>\n<h3 style=\"font-size:1.25rem; margin:0 0 12px; color:#222;\">Compactadora<\/h3>\n<p style=\"color:#555; line-height:1.4; flex-grow:1;\">Compactaci\u00f3n de suelos con alta vibraci\u00f3n y desempe\u00f1o continuo.<\/p>\n<p>          <a href=\"#\" style=\"display:inline-block; margin-top:16px; padding:12px; background:#ffd700; color:#000; text-decoration:none; text-align:center; border-radius:4px; font-weight:bold;\">Solicitar cotizaci\u00f3n<\/a><br \/>\n            <!-- PRODUCTO 14 --><br \/>\n        <img decoding=\"async\" src=\"http:\/\/corcasrenta.site\/wp-content\/uploads\/2025\/07\/WhatsApp-Image-2025-06-20-at-10.14.53-AM-1.jpeg\" alt=\"Compactadora\" style=\"width:100%; height:auto; object-fit:cover;\"><\/p>\n<h3 style=\"font-size:1.25rem; margin:0 0 12px; color:#222;\">Compactadora<\/h3>\n<p style=\"color:#555; line-height:1.4; flex-grow:1;\">Compactaci\u00f3n de suelos con alta vibraci\u00f3n y desempe\u00f1o continuo.<\/p>\n<p>          <a href=\"#\" style=\"display:inline-block; margin-top:16px; padding:12px; background:#ffd700; color:#000; text-decoration:none; text-align:center; border-radius:4px; font-weight:bold;\">Solicitar cotizaci\u00f3n<\/a><br \/>\n            <!-- PRODUCTO 15 --><br \/>\n        <img decoding=\"async\" src=\"http:\/\/corcasrenta.site\/wp-content\/uploads\/2025\/07\/WhatsApp-Image-2025-06-20-at-10.14.53-AM-1.jpeg\" alt=\"Compactadora\" style=\"width:100%; height:auto; object-fit:cover;\"><\/p>\n<h3 style=\"font-size:1.25rem; margin:0 0 12px; color:#222;\">Compactadora<\/h3>\n<p style=\"color:#555; line-height:1.4; flex-grow:1;\">Compactaci\u00f3n de suelos con alta vibraci\u00f3n y desempe\u00f1o continuo.<\/p>\n<p>          <a href=\"#\" style=\"display:inline-block; margin-top:16px; padding:12px; background:#ffd700; color:#000; text-decoration:none; text-align:center; border-radius:4px; font-weight:bold;\">Solicitar cotizaci\u00f3n<\/a><br \/>\n            <!-- PRODUCTO 16 --><br \/>\n        <img decoding=\"async\" src=\"http:\/\/corcasrenta.site\/wp-content\/uploads\/2025\/07\/WhatsApp-Image-2025-06-20-at-10.14.53-AM-1.jpeg\" alt=\"Compactadora\" style=\"width:100%; height:auto; object-fit:cover;\"><\/p>\n<h3 style=\"font-size:1.25rem; margin:0 0 12px; color:#222;\">Compactadora<\/h3>\n<p style=\"color:#555; line-height:1.4; flex-grow:1;\">Compactaci\u00f3n de suelos con alta vibraci\u00f3n y desempe\u00f1o continuo.<\/p>\n<p>          <a href=\"#\" style=\"display:inline-block; margin-top:16px; padding:12px; background:#ffd700; color:#000; text-decoration:none; text-align:center; border-radius:4px; font-weight:bold;\">Solicitar cotizaci\u00f3n<\/a><br \/>\n            <!-- PRODUCTO 17 --><br \/>\n        <img decoding=\"async\" src=\"http:\/\/corcasrenta.site\/wp-content\/uploads\/2025\/07\/WhatsApp-Image-2025-06-20-at-10.14.53-AM-1.jpeg\" alt=\"Compactadora\" style=\"width:100%; height:auto; object-fit:cover;\"><\/p>\n<h3 style=\"font-size:1.25rem; margin:0 0 12px; color:#222;\">Compactadora<\/h3>\n<p style=\"color:#555; line-height:1.4; flex-grow:1;\">Compactaci\u00f3n de suelos con alta vibraci\u00f3n y desempe\u00f1o continuo.<\/p>\n<p>          <a href=\"#\" style=\"display:inline-block; margin-top:16px; padding:12px; background:#ffd700; color:#000; text-decoration:none; text-align:center; border-radius:4px; font-weight:bold;\">Solicitar cotizaci\u00f3n<\/a><br \/>\n            <!-- PRODUCTO 18 --><br \/>\n        <img decoding=\"async\" src=\"http:\/\/corcasrenta.site\/wp-content\/uploads\/2025\/07\/WhatsApp-Image-2025-06-20-at-10.14.53-AM-1.jpeg\" alt=\"Compactadora\" style=\"width:100%; height:auto; object-fit:cover;\"><\/p>\n<h3 style=\"font-size:1.25rem; margin:0 0 12px; color:#222;\">Compactadora<\/h3>\n<p style=\"color:#555; line-height:1.4; flex-grow:1;\">Compactaci\u00f3n de suelos con alta vibraci\u00f3n y desempe\u00f1o continuo.<\/p>\n<p>          <a href=\"#\" style=\"display:inline-block; margin-top:16px; padding:12px; background:#ffd700; color:#000; text-decoration:none; text-align:center; border-radius:4px; font-weight:bold;\">Solicitar cotizaci\u00f3n<\/a><br \/>\n<\/section>\n<p><!-- Estilos responsive --><\/p>\n<style>\n  @media (max-width: 992px) {\n    #catalogo-corcas .producto-card {\n      width: calc(50% - 20px) !important;\n    }\n  }\n  @media (max-width: 600px) {\n    #catalogo-corcas .producto-card {\n      width: 100% !important;\n    }\n  }\n<\/style>\n","protected":false},"excerpt":{"rendered":"<p>Productos En Corcas Rentas SAS, Te proporcionamos los mejores productos Cat\u00e1logo de Equipos Retroexcavadora Potencia hidr\u00e1ulica y pala frontal para movimiento de tierra eficiente. Solicitar cotizaci\u00f3n Mezcladora de Concreto Capacidad de 200\u202fL, motor a gasolina y ruedas robustas para obra. Solicitar cotizaci\u00f3n Alineadora de Concreto Nivelaci\u00f3n precisa y r\u00e1pida de concreto fresco. Ideal para losas [&hellip;]<\/p>\n","protected":false},"author":1,"featured_media":0,"parent":0,"menu_order":0,"comment_status":"closed","ping_status":"closed","template":"about","meta":{"footnotes":""},"class_list":["post-66","page","type-page","status-publish","hentry"],"yoast_head":"<!-- This site is optimized with the Yoast SEO plugin v27.4 - https:\/\/yoast.com\/product\/yoast-seo-wordpress\/ -->\n<title>Productos - Corcas Rentas SAS<\/title>\n<meta name=\"robots\" content=\"index, follow, max-snippet:-1, max-image-preview:large, max-video-preview:-1\" \/>\n<link rel=\"canonical\" href=\"https:\/\/corcasrenta.site\/?page_id=66\" \/>\n<meta property=\"og:locale\" content=\"en_US\" \/>\n<meta property=\"og:type\" content=\"article\" \/>\n<meta property=\"og:title\" content=\"Productos - Corcas Rentas SAS\" \/>\n<meta property=\"og:description\" content=\"Productos En Corcas Rentas SAS, Te proporcionamos los mejores productos Cat\u00e1logo de Equipos Retroexcavadora Potencia hidr\u00e1ulica y pala frontal para movimiento de tierra eficiente. Solicitar cotizaci\u00f3n Mezcladora de Concreto Capacidad de 200\u202fL, motor a gasolina y ruedas robustas para obra. Solicitar cotizaci\u00f3n Alineadora de Concreto Nivelaci\u00f3n precisa y r\u00e1pida de concreto fresco. Ideal para losas [&hellip;]\" \/>\n<meta property=\"og:url\" content=\"https:\/\/corcasrenta.site\/?page_id=66\" \/>\n<meta property=\"og:site_name\" content=\"Corcas Rentas SAS\" \/>\n<meta property=\"article:modified_time\" content=\"2025-07-29T17:59:18+00:00\" \/>\n<meta property=\"og:image\" content=\"http:\/\/corcasrenta.site\/wp-content\/uploads\/2025\/07\/WhatsApp-Image-2025-06-20-at-10.14.57-AM-1.jpeg\" \/>\n<meta name=\"twitter:card\" content=\"summary_large_image\" \/>\n<meta name=\"twitter:label1\" content=\"Est. reading time\" \/>\n\t<meta name=\"twitter:data1\" content=\"2 minutes\" \/>\n<script type=\"application\/ld+json\" class=\"yoast-schema-graph\">{\"@context\":\"https:\\\/\\\/schema.org\",\"@graph\":[{\"@type\":\"WebPage\",\"@id\":\"https:\\\/\\\/corcasrenta.site\\\/?page_id=66\",\"url\":\"https:\\\/\\\/corcasrenta.site\\\/?page_id=66\",\"name\":\"Productos - Corcas Rentas SAS\",\"isPartOf\":{\"@id\":\"https:\\\/\\\/corcasrenta.site\\\/#website\"},\"primaryImageOfPage\":{\"@id\":\"https:\\\/\\\/corcasrenta.site\\\/?page_id=66#primaryimage\"},\"image\":{\"@id\":\"https:\\\/\\\/corcasrenta.site\\\/?page_id=66#primaryimage\"},\"thumbnailUrl\":\"http:\\\/\\\/corcasrenta.site\\\/wp-content\\\/uploads\\\/2025\\\/07\\\/WhatsApp-Image-2025-06-20-at-10.14.57-AM-1.jpeg\",\"datePublished\":\"2025-07-11T18:15:23+00:00\",\"dateModified\":\"2025-07-29T17:59:18+00:00\",\"breadcrumb\":{\"@id\":\"https:\\\/\\\/corcasrenta.site\\\/?page_id=66#breadcrumb\"},\"inLanguage\":\"en-US\",\"potentialAction\":[{\"@type\":\"ReadAction\",\"target\":[\"https:\\\/\\\/corcasrenta.site\\\/?page_id=66\"]}]},{\"@type\":\"ImageObject\",\"inLanguage\":\"en-US\",\"@id\":\"https:\\\/\\\/corcasrenta.site\\\/?page_id=66#primaryimage\",\"url\":\"http:\\\/\\\/corcasrenta.site\\\/wp-content\\\/uploads\\\/2025\\\/07\\\/WhatsApp-Image-2025-06-20-at-10.14.57-AM-1.jpeg\",\"contentUrl\":\"http:\\\/\\\/corcasrenta.site\\\/wp-content\\\/uploads\\\/2025\\\/07\\\/WhatsApp-Image-2025-06-20-at-10.14.57-AM-1.jpeg\"},{\"@type\":\"BreadcrumbList\",\"@id\":\"https:\\\/\\\/corcasrenta.site\\\/?page_id=66#breadcrumb\",\"itemListElement\":[{\"@type\":\"ListItem\",\"position\":1,\"name\":\"Home\",\"item\":\"https:\\\/\\\/corcasrenta.site\\\/\"},{\"@type\":\"ListItem\",\"position\":2,\"name\":\"Productos\"}]},{\"@type\":\"WebSite\",\"@id\":\"https:\\\/\\\/corcasrenta.site\\\/#website\",\"url\":\"https:\\\/\\\/corcasrenta.site\\\/\",\"name\":\"Corcas Rentas SAS\",\"description\":\"\",\"publisher\":{\"@id\":\"https:\\\/\\\/corcasrenta.site\\\/#organization\"},\"potentialAction\":[{\"@type\":\"SearchAction\",\"target\":{\"@type\":\"EntryPoint\",\"urlTemplate\":\"https:\\\/\\\/corcasrenta.site\\\/?s={search_term_string}\"},\"query-input\":{\"@type\":\"PropertyValueSpecification\",\"valueRequired\":true,\"valueName\":\"search_term_string\"}}],\"inLanguage\":\"en-US\"},{\"@type\":\"Organization\",\"@id\":\"https:\\\/\\\/corcasrenta.site\\\/#organization\",\"name\":\"Corcas Rentas SAS\",\"url\":\"https:\\\/\\\/corcasrenta.site\\\/\",\"logo\":{\"@type\":\"ImageObject\",\"inLanguage\":\"en-US\",\"@id\":\"https:\\\/\\\/corcasrenta.site\\\/#\\\/schema\\\/logo\\\/image\\\/\",\"url\":\"https:\\\/\\\/corcasrenta.site\\\/wp-content\\\/uploads\\\/2025\\\/07\\\/Corcas.jpg\",\"contentUrl\":\"https:\\\/\\\/corcasrenta.site\\\/wp-content\\\/uploads\\\/2025\\\/07\\\/Corcas.jpg\",\"width\":225,\"height\":225,\"caption\":\"Corcas Rentas SAS\"},\"image\":{\"@id\":\"https:\\\/\\\/corcasrenta.site\\\/#\\\/schema\\\/logo\\\/image\\\/\"}}]}<\/script>\n<!-- \/ Yoast SEO plugin. -->","yoast_head_json":{"title":"Productos - Corcas Rentas SAS","robots":{"index":"index","follow":"follow","max-snippet":"max-snippet:-1","max-image-preview":"max-image-preview:large","max-video-preview":"max-video-preview:-1"},"canonical":"https:\/\/corcasrenta.site\/?page_id=66","og_locale":"en_US","og_type":"article","og_title":"Productos - Corcas Rentas SAS","og_description":"Productos En Corcas Rentas SAS, Te proporcionamos los mejores productos Cat\u00e1logo de Equipos Retroexcavadora Potencia hidr\u00e1ulica y pala frontal para movimiento de tierra eficiente. Solicitar cotizaci\u00f3n Mezcladora de Concreto Capacidad de 200\u202fL, motor a gasolina y ruedas robustas para obra. Solicitar cotizaci\u00f3n Alineadora de Concreto Nivelaci\u00f3n precisa y r\u00e1pida de concreto fresco. Ideal para losas [&hellip;]","og_url":"https:\/\/corcasrenta.site\/?page_id=66","og_site_name":"Corcas Rentas SAS","article_modified_time":"2025-07-29T17:59:18+00:00","og_image":[{"url":"http:\/\/corcasrenta.site\/wp-content\/uploads\/2025\/07\/WhatsApp-Image-2025-06-20-at-10.14.57-AM-1.jpeg","type":"","width":"","height":""}],"twitter_card":"summary_large_image","twitter_misc":{"Est. reading time":"2 minutes"},"schema":{"@context":"https:\/\/schema.org","@graph":[{"@type":"WebPage","@id":"https:\/\/corcasrenta.site\/?page_id=66","url":"https:\/\/corcasrenta.site\/?page_id=66","name":"Productos - Corcas Rentas SAS","isPartOf":{"@id":"https:\/\/corcasrenta.site\/#website"},"primaryImageOfPage":{"@id":"https:\/\/corcasrenta.site\/?page_id=66#primaryimage"},"image":{"@id":"https:\/\/corcasrenta.site\/?page_id=66#primaryimage"},"thumbnailUrl":"http:\/\/corcasrenta.site\/wp-content\/uploads\/2025\/07\/WhatsApp-Image-2025-06-20-at-10.14.57-AM-1.jpeg","datePublished":"2025-07-11T18:15:23+00:00","dateModified":"2025-07-29T17:59:18+00:00","breadcrumb":{"@id":"https:\/\/corcasrenta.site\/?page_id=66#breadcrumb"},"inLanguage":"en-US","potentialAction":[{"@type":"ReadAction","target":["https:\/\/corcasrenta.site\/?page_id=66"]}]},{"@type":"ImageObject","inLanguage":"en-US","@id":"https:\/\/corcasrenta.site\/?page_id=66#primaryimage","url":"http:\/\/corcasrenta.site\/wp-content\/uploads\/2025\/07\/WhatsApp-Image-2025-06-20-at-10.14.57-AM-1.jpeg","contentUrl":"http:\/\/corcasrenta.site\/wp-content\/uploads\/2025\/07\/WhatsApp-Image-2025-06-20-at-10.14.57-AM-1.jpeg"},{"@type":"BreadcrumbList","@id":"https:\/\/corcasrenta.site\/?page_id=66#breadcrumb","itemListElement":[{"@type":"ListItem","position":1,"name":"Home","item":"https:\/\/corcasrenta.site\/"},{"@type":"ListItem","position":2,"name":"Productos"}]},{"@type":"WebSite","@id":"https:\/\/corcasrenta.site\/#website","url":"https:\/\/corcasrenta.site\/","name":"Corcas Rentas SAS","description":"","publisher":{"@id":"https:\/\/corcasrenta.site\/#organization"},"potentialAction":[{"@type":"SearchAction","target":{"@type":"EntryPoint","urlTemplate":"https:\/\/corcasrenta.site\/?s={search_term_string}"},"query-input":{"@type":"PropertyValueSpecification","valueRequired":true,"valueName":"search_term_string"}}],"inLanguage":"en-US"},{"@type":"Organization","@id":"https:\/\/corcasrenta.site\/#organization","name":"Corcas Rentas SAS","url":"https:\/\/corcasrenta.site\/","logo":{"@type":"ImageObject","inLanguage":"en-US","@id":"https:\/\/corcasrenta.site\/#\/schema\/logo\/image\/","url":"https:\/\/corcasrenta.site\/wp-content\/uploads\/2025\/07\/Corcas.jpg","contentUrl":"https:\/\/corcasrenta.site\/wp-content\/uploads\/2025\/07\/Corcas.jpg","width":225,"height":225,"caption":"Corcas Rentas SAS"},"image":{"@id":"https:\/\/corcasrenta.site\/#\/schema\/logo\/image\/"}}]}},"_links":{"self":[{"href":"https:\/\/corcasrenta.site\/index.php?rest_route=\/wp\/v2\/pages\/66","targetHints":{"allow":["GET"]}}],"collection":[{"href":"https:\/\/corcasrenta.site\/index.php?rest_route=\/wp\/v2\/pages"}],"about":[{"href":"https:\/\/corcasrenta.site\/index.php?rest_route=\/wp\/v2\/types\/page"}],"author":[{"embeddable":true,"href":"https:\/\/corcasrenta.site\/index.php?rest_route=\/wp\/v2\/users\/1"}],"replies":[{"embeddable":true,"href":"https:\/\/corcasrenta.site\/index.php?rest_route=%2Fwp%2Fv2%2Fcomments&post=66"}],"version-history":[{"count":5,"href":"https:\/\/corcasrenta.site\/index.php?rest_route=\/wp\/v2\/pages\/66\/revisions"}],"predecessor-version":[{"id":112,"href":"https:\/\/corcasrenta.site\/index.php?rest_route=\/wp\/v2\/pages\/66\/revisions\/112"}],"wp:attachment":[{"href":"https:\/\/corcasrenta.site\/index.php?rest_route=%2Fwp%2Fv2%2Fmedia&parent=66"}],"curies":[{"name":"wp","href":"https:\/\/api.w.org\/{rel}","templated":true}]}}